{"id":1816,"date":"2023-01-05T19:29:28","date_gmt":"2023-01-05T19:29:28","guid":{"rendered":"https:\/\/ticinoweb02.jcloud.ik-server.com\/omninvest\/im-schlamm\/"},"modified":"2025-04-11T10:58:26","modified_gmt":"2025-04-11T10:58:26","slug":"im-schlamm","status":"publish","type":"page","link":"https:\/\/omninvest.ch\/de\/verkauf\/im-schlamm\/","title":{"rendered":"Ai Fanghi"},"content":{"rendered":"\t\t<div data-elementor-type=\"wp-page\" data-elementor-id=\"1816\" class=\"elementor elementor-1816 elementor-330\" data-elementor-post-type=\"page\">\n\t\t\t\t\t\t<section class=\"elementor-section elementor-top-section elementor-element elementor-element-24b8b6a2 elementor-section-boxed elementor-section-height-default elementor-section-height-default\" data-id=\"24b8b6a2\" data-element_type=\"section\" data-e-type=\"section\" data-settings=\"{&quot;background_background&quot;:&quot;classic&quot;}\">\n\t\t\t\t\t\t\t<div class=\"elementor-background-overlay\"><\/div>\n\t\t\t\t\t\t\t<div class=\"elementor-container elementor-column-gap-default\">\n\t\t\t\t\t<div class=\"elementor-column elementor-col-100 elementor-top-column elementor-element elementor-element-25b44029\" data-id=\"25b44029\" data-element_type=\"column\" data-e-type=\"column\">\n\t\t\t<div class=\"elementor-widget-wrap elementor-element-populated\">\n\t\t\t\t\t\t\t<\/div>\n\t\t<\/div>\n\t\t\t\t\t<\/div>\n\t\t<\/section>\n\t\t\t\t<section class=\"elementor-section elementor-top-section elementor-element elementor-element-1c23378d elementor-section-boxed elementor-section-height-default elementor-section-height-default\" data-id=\"1c23378d\" data-element_type=\"section\" data-e-type=\"section\">\n\t\t\t\t\t\t<div class=\"elementor-container elementor-column-gap-default\">\n\t\t\t\t\t<div class=\"elementor-column elementor-col-100 elementor-top-column elementor-element elementor-element-6b3846d\" data-id=\"6b3846d\" data-element_type=\"column\" data-e-type=\"column\">\n\t\t\t<div class=\"elementor-widget-wrap elementor-element-populated\">\n\t\t\t\t\t\t<div class=\"elementor-element elementor-element-318c77da elementor-widget elementor-widget-heading\" data-id=\"318c77da\" data-element_type=\"widget\" data-e-type=\"widget\" data-widget_type=\"heading.default\">\n\t\t\t\t<div class=\"elementor-widget-container\">\n\t\t\t\t\t<h3 class=\"elementor-heading-title elementor-size-medium\">VILLA IN BRIONE S\/MINUSIO | <span style=\"color:red\">VERKAUFT<\/span><\/h3>\t\t\t\t<\/div>\n\t\t\t\t<\/div>\n\t\t\t\t<div class=\"elementor-element elementor-element-11d41895 elementor-widget elementor-widget-heading\" data-id=\"11d41895\" data-element_type=\"widget\" data-e-type=\"widget\" data-widget_type=\"heading.default\">\n\t\t\t\t<div class=\"elementor-widget-container\">\n\t\t\t\t\t<h2 class=\"elementor-heading-title elementor-size-default\">AI FANGHI\n<\/h2>\t\t\t\t<\/div>\n\t\t\t\t<\/div>\n\t\t\t\t<div class=\"elementor-element elementor-element-14334565 elementor-widget elementor-widget-text-editor\" data-id=\"14334565\" data-element_type=\"widget\" data-e-type=\"widget\" data-widget_type=\"text-editor.default\">\n\t\t\t\t<div class=\"elementor-widget-container\">\n\t\t\t\t\t\t\t\t\t<div class=\"et_pb_section et_pb_section_1 et_section_regular\"><div class=\"et_pb_row et_pb_row_1\"><div class=\"et_pb_column et_pb_column_4_4 et_pb_column_1 et_pb_css_mix_blend_mode_passthrough et-last-child\"><div class=\"et_pb_module et_pb_text et_pb_text_1 et_pb_text_align_left et_pb_bg_layout_light\"><div class=\"et_pb_text_inner\"><div class=\"et_pb_section et_pb_section_1 et_section_regular\"><div class=\"et_pb_row et_pb_row_1\"><div class=\"et_pb_column et_pb_column_4_4 et_pb_column_1 et_pb_css_mix_blend_mode_passthrough et-last-child\"><div class=\"et_pb_module et_pb_text et_pb_text_1 et_pb_text_align_left et_pb_bg_layout_light\"><div class=\"et_pb_text_inner\"><div id=\"u46749-7\" class=\"p---Body-Mobile clearfix colelem shared_content\" data-muse-uid=\"U46749\" data-muse-type=\"txt_frame\" data-ibe-flags=\"txtStyleSrc\" data-content-guid=\"u46749-7_content\"><div id=\"u54379-7\" class=\"p---Body-Mobile clearfix colelem shared_content\" data-muse-uid=\"U54379\" data-muse-type=\"txt_frame\" data-ibe-flags=\"txtStyleSrc\" data-content-guid=\"u54379-7_content\"><p id=\"u54379-5\">Die Villa ai Fanghi befindet sich auf den H\u00fcgeln oberhalb Locarno und geniesst eine pr\u00e4chtige Sicht auf den Lago Maggiore. Mit grossem Augenmerk bis ins kleinste Detail, zeichnet sich die Villa durch wertvollste Materialen sowie modernes Design aus. Der Wellnessbereich lockt mit Fitnessger\u00e4ten, Sauna und Dampfbad. Draussen garantiert das Schwimmbad und der geheizte Whirlpool eine vollst\u00e4ndige Entspannung.<\/p><\/div><\/div><\/div><\/div><\/div><\/div><\/div><\/div><\/div><\/div><\/div><\/div>\t\t\t\t\t\t\t\t<\/div>\n\t\t\t\t<\/div>\n\t\t\t\t\t<\/div>\n\t\t<\/div>\n\t\t\t\t\t<\/div>\n\t\t<\/section>\n\t\t\t\t<section class=\"elementor-section elementor-top-section elementor-element elementor-element-50f93c5f elementor-section-full_width elementor-section-height-default elementor-section-height-default\" data-id=\"50f93c5f\" data-element_type=\"section\" data-e-type=\"section\">\n\t\t\t\t\t\t<div class=\"elementor-container elementor-column-gap-no\">\n\t\t\t\t\t<div class=\"elementor-column elementor-col-100 elementor-top-column elementor-element elementor-element-5879d8bd\" data-id=\"5879d8bd\" data-element_type=\"column\" data-e-type=\"column\">\n\t\t\t<div class=\"elementor-widget-wrap elementor-element-populated\">\n\t\t\t\t\t\t<div class=\"elementor-element elementor-element-7fde0eb4 elementor-pagination-position-inside elementor-arrows-position-inside elementor-widget elementor-widget-image-carousel\" data-id=\"7fde0eb4\" data-element_type=\"widget\" data-e-type=\"widget\" data-settings=\"{&quot;slides_to_show&quot;:&quot;1&quot;,&quot;navigation&quot;:&quot;both&quot;,&quot;autoplay&quot;:&quot;yes&quot;,&quot;pause_on_hover&quot;:&quot;yes&quot;,&quot;pause_on_interaction&quot;:&quot;yes&quot;,&quot;autoplay_speed&quot;:5000,&quot;infinite&quot;:&quot;yes&quot;,&quot;effect&quot;:&quot;slide&quot;,&quot;speed&quot;:500}\" data-widget_type=\"image-carousel.default\">\n\t\t\t\t<div class=\"elementor-widget-container\">\n\t\t\t\t\t\t\t<div class=\"elementor-image-carousel-wrapper swiper\" role=\"region\" aria-roledescription=\"carousel\" aria-label=\"Bild Karussell\" dir=\"ltr\">\n\t\t\t<div class=\"elementor-image-carousel swiper-wrapper swiper-image-stretch\" aria-live=\"off\">\n\t\t\t\t\t\t\t\t<div class=\"swiper-slide\" role=\"group\" aria-roledescription=\"slide\" aria-label=\"1 von 8\"><figure class=\"swiper-slide-inner\"><img decoding=\"async\" class=\"swiper-slide-image\" src=\"https:\/\/omninvest.ch\/wp-content\/uploads\/sites\/116\/2023\/07\/Ai-Fanghi_Villa_Camera_Vista_0.jpg\" alt=\"Villa ai Fanghi\" \/><\/figure><\/div><div class=\"swiper-slide\" role=\"group\" aria-roledescription=\"slide\" aria-label=\"2 von 8\"><figure class=\"swiper-slide-inner\"><img decoding=\"async\" class=\"swiper-slide-image\" src=\"https:\/\/omninvest.ch\/wp-content\/uploads\/sites\/116\/2023\/07\/Ai-Fanghi_Villa_Terrazza_Vista_2.jpg\" alt=\"Villa ai Fanghi\" \/><\/figure><\/div><div class=\"swiper-slide\" role=\"group\" aria-roledescription=\"slide\" aria-label=\"3 von 8\"><figure class=\"swiper-slide-inner\"><img decoding=\"async\" class=\"swiper-slide-image\" src=\"https:\/\/omninvest.ch\/wp-content\/uploads\/sites\/116\/2023\/07\/Ai-Fanghi_Villa_Terrazza_Vista_1-1.jpg\" alt=\"Villa ai Fanghi\" \/><\/figure><\/div><div class=\"swiper-slide\" role=\"group\" aria-roledescription=\"slide\" aria-label=\"4 von 8\"><figure class=\"swiper-slide-inner\"><img decoding=\"async\" class=\"swiper-slide-image\" src=\"https:\/\/omninvest.ch\/wp-content\/uploads\/sites\/116\/2023\/07\/Ai-Fanghi_Villa_Cucina_Terrazza_Vista_2.jpg\" alt=\"Villa ai Fanghi\" \/><\/figure><\/div><div class=\"swiper-slide\" role=\"group\" aria-roledescription=\"slide\" aria-label=\"5 von 8\"><figure class=\"swiper-slide-inner\"><img decoding=\"async\" class=\"swiper-slide-image\" src=\"https:\/\/omninvest.ch\/wp-content\/uploads\/sites\/116\/2023\/07\/Ai-Fanghi_Villa_Cucina_Terrazza_Vista_4.jpg\" alt=\"Villa ai Fanghi\" \/><\/figure><\/div><div class=\"swiper-slide\" role=\"group\" aria-roledescription=\"slide\" aria-label=\"6 von 8\"><figure class=\"swiper-slide-inner\"><img decoding=\"async\" class=\"swiper-slide-image\" src=\"https:\/\/omninvest.ch\/wp-content\/uploads\/sites\/116\/2023\/07\/Ai-Fanghi_Villa_Camera_Vista_2.jpg\" alt=\"Villa ai Fanghi\" \/><\/figure><\/div><div class=\"swiper-slide\" role=\"group\" aria-roledescription=\"slide\" aria-label=\"7 von 8\"><figure class=\"swiper-slide-inner\"><img decoding=\"async\" class=\"swiper-slide-image\" src=\"https:\/\/omninvest.ch\/wp-content\/uploads\/sites\/116\/2023\/07\/Ai-Fanghi_Villa_Camera_Vista_1.jpg\" alt=\"Villa ai Fanghi\" \/><\/figure><\/div><div class=\"swiper-slide\" role=\"group\" aria-roledescription=\"slide\" aria-label=\"8 von 8\"><figure class=\"swiper-slide-inner\"><img decoding=\"async\" class=\"swiper-slide-image\" src=\"https:\/\/omninvest.ch\/wp-content\/uploads\/sites\/116\/2023\/07\/Ai-Fanghi_Villa_Camera_Vista_0.jpg\" alt=\"Villa ai Fanghi\" \/><\/figure><\/div>\t\t\t<\/div>\n\t\t\t\t\t\t\t\t\t\t\t\t<div class=\"elementor-swiper-button elementor-swiper-button-prev\" role=\"button\" tabindex=\"0\">\n\t\t\t\t\t\t<svg aria-hidden=\"true\" class=\"e-font-icon-svg e-eicon-chevron-left\" viewBox=\"0 0 1000 1000\" xmlns=\"http:\/\/www.w3.org\/2000\/svg\"><path d=\"M646 125C629 125 613 133 604 142L308 442C296 454 292 471 292 487 292 504 296 521 308 533L604 854C617 867 629 875 646 875 663 875 679 871 692 858 704 846 713 829 713 812 713 796 708 779 692 767L438 487 692 225C700 217 708 204 708 187 708 171 704 154 692 142 675 129 663 125 646 125Z\"><\/path><\/svg>\t\t\t\t\t<\/div>\n\t\t\t\t\t<div class=\"elementor-swiper-button elementor-swiper-button-next\" role=\"button\" tabindex=\"0\">\n\t\t\t\t\t\t<svg aria-hidden=\"true\" class=\"e-font-icon-svg e-eicon-chevron-right\" viewBox=\"0 0 1000 1000\" xmlns=\"http:\/\/www.w3.org\/2000\/svg\"><path d=\"M696 533C708 521 713 504 713 487 713 471 708 454 696 446L400 146C388 133 375 125 354 125 338 125 325 129 313 142 300 154 292 171 292 187 292 204 296 221 308 233L563 492 304 771C292 783 288 800 288 817 288 833 296 850 308 863 321 871 338 875 354 875 371 875 388 867 400 854L696 533Z\"><\/path><\/svg>\t\t\t\t\t<\/div>\n\t\t\t\t\n\t\t\t\t\t\t\t\t\t<div class=\"swiper-pagination\"><\/div>\n\t\t\t\t\t\t\t\t\t<\/div>\n\t\t\t\t\t\t<\/div>\n\t\t\t\t<\/div>\n\t\t\t\t\t<\/div>\n\t\t<\/div>\n\t\t\t\t\t<\/div>\n\t\t<\/section>\n\t\t\t\t<section class=\"elementor-section elementor-top-section elementor-element elementor-element-8cb8fde elementor-section-boxed elementor-section-height-default elementor-section-height-default\" data-id=\"8cb8fde\" data-element_type=\"section\" data-e-type=\"section\">\n\t\t\t\t\t\t<div class=\"elementor-container elementor-column-gap-default\">\n\t\t\t\t\t<div class=\"elementor-column elementor-col-50 elementor-top-column elementor-element elementor-element-4d3987ad\" data-id=\"4d3987ad\" data-element_type=\"column\" data-e-type=\"column\">\n\t\t\t<div class=\"elementor-widget-wrap elementor-element-populated\">\n\t\t\t\t\t\t<div class=\"elementor-element elementor-element-2dcb4200 elementor-widget elementor-widget-image\" data-id=\"2dcb4200\" data-element_type=\"widget\" data-e-type=\"widget\" data-widget_type=\"image.default\">\n\t\t\t\t<div class=\"elementor-widget-container\">\n\t\t\t\t\t\t\t\t\t\t\t\t\t\t\t<img fetchpriority=\"high\" decoding=\"async\" width=\"800\" height=\"567\" src=\"https:\/\/omninvest.ch\/wp-content\/uploads\/sites\/116\/2023\/07\/Ai-Fanghi_Villa_Terrazza_Vista_2-1024x726.jpg\" class=\"attachment-large size-large wp-image-1553\" alt=\"\" srcset=\"https:\/\/omninvest.ch\/wp-content\/uploads\/sites\/116\/2023\/07\/Ai-Fanghi_Villa_Terrazza_Vista_2-1024x726.jpg 1024w, https:\/\/omninvest.ch\/wp-content\/uploads\/sites\/116\/2023\/07\/Ai-Fanghi_Villa_Terrazza_Vista_2-300x213.jpg 300w, https:\/\/omninvest.ch\/wp-content\/uploads\/sites\/116\/2023\/07\/Ai-Fanghi_Villa_Terrazza_Vista_2-768x544.jpg 768w, https:\/\/omninvest.ch\/wp-content\/uploads\/sites\/116\/2023\/07\/Ai-Fanghi_Villa_Terrazza_Vista_2-1536x1088.jpg 1536w, https:\/\/omninvest.ch\/wp-content\/uploads\/sites\/116\/2023\/07\/Ai-Fanghi_Villa_Terrazza_Vista_2-400x284.jpg 400w, https:\/\/omninvest.ch\/wp-content\/uploads\/sites\/116\/2023\/07\/Ai-Fanghi_Villa_Terrazza_Vista_2-1080x765.jpg 1080w, https:\/\/omninvest.ch\/wp-content\/uploads\/sites\/116\/2023\/07\/Ai-Fanghi_Villa_Terrazza_Vista_2-1280x907.jpg 1280w, https:\/\/omninvest.ch\/wp-content\/uploads\/sites\/116\/2023\/07\/Ai-Fanghi_Villa_Terrazza_Vista_2-980x694.jpg 980w, https:\/\/omninvest.ch\/wp-content\/uploads\/sites\/116\/2023\/07\/Ai-Fanghi_Villa_Terrazza_Vista_2-480x340.jpg 480w, https:\/\/omninvest.ch\/wp-content\/uploads\/sites\/116\/2023\/07\/Ai-Fanghi_Villa_Terrazza_Vista_2.jpg 2000w\" sizes=\"(max-width: 800px) 100vw, 800px\" \/>\t\t\t\t\t\t\t\t\t\t\t\t\t\t\t<\/div>\n\t\t\t\t<\/div>\n\t\t\t\t\t<\/div>\n\t\t<\/div>\n\t\t\t\t<div class=\"elementor-column elementor-col-50 elementor-top-column elementor-element elementor-element-bd1218b\" data-id=\"bd1218b\" data-element_type=\"column\" data-e-type=\"column\">\n\t\t\t<div class=\"elementor-widget-wrap elementor-element-populated\">\n\t\t\t\t\t\t<div class=\"elementor-element elementor-element-5d40caa8 elementor-widget elementor-widget-heading\" data-id=\"5d40caa8\" data-element_type=\"widget\" data-e-type=\"widget\" data-widget_type=\"heading.default\">\n\t\t\t\t<div class=\"elementor-widget-container\">\n\t\t\t\t\t<h3 class=\"elementor-heading-title elementor-size-default\">DIE REGION\n<\/h3>\t\t\t\t<\/div>\n\t\t\t\t<\/div>\n\t\t\t\t<div class=\"elementor-element elementor-element-16cf75f4 elementor-widget elementor-widget-text-editor\" data-id=\"16cf75f4\" data-element_type=\"widget\" data-e-type=\"widget\" data-widget_type=\"text-editor.default\">\n\t\t\t\t<div class=\"elementor-widget-container\">\n\t\t\t\t\t\t\t\t\t<p id=\"caption\" class=\"dvmd_ib_caption\">Die Region Locarno geniesst dank ihrer Lage s\u00fcdlich der Alpen ein Mittelmeerklima mit deutlich h\u00f6heren Temperaturen und mehr Sonnentage als der schweizerische Durchschnitt.<\/p><p>Der Lago Maggiore, das Verzasca und das Maggiatal \u2013 um nur zwei T\u00e4ler zu nennen \u2013 bieten Ihnen unz\u00e4hlige Wassersportm\u00f6glichkeiten. Begeisterte Golfspieler haben die Wahl zwischen dem Golf Club Patriziale von Ascona am Ufer des Lago Maggiore oder dem Golf Gerre von Losone. Zu Spazierg\u00e4ngen verlocken die Naturschutzzone der \u201cBolle di Magadino\u201d, die umliegenden Berge, die botanischen G\u00e4rten auf den Brissago- und Borrom\u00e4ischen Inseln, die pr\u00e4chtigen T\u00e4ler und die sch\u00f6ne Seepromenade.<\/p><p>Bei den Events von internationalem Ruhm stechen das Filmfestival von Locarno f\u00fcr die Liebhaber des Films und das Moon and Stars Festival f\u00fcr die Musikfans hervor.<\/p>\t\t\t\t\t\t\t\t<\/div>\n\t\t\t\t<\/div>\n\t\t\t\t\t<\/div>\n\t\t<\/div>\n\t\t\t\t\t<\/div>\n\t\t<\/section>\n\t\t\t\t<section class=\"elementor-section elementor-top-section elementor-element elementor-element-2f6d4bfe elementor-reverse-mobile elementor-section-boxed elementor-section-height-default elementor-section-height-default\" data-id=\"2f6d4bfe\" data-element_type=\"section\" data-e-type=\"section\" data-settings=\"{&quot;background_background&quot;:&quot;classic&quot;}\">\n\t\t\t\t\t\t<div class=\"elementor-container elementor-column-gap-default\">\n\t\t\t\t\t<div class=\"elementor-column elementor-col-50 elementor-top-column elementor-element elementor-element-4c94ff52\" data-id=\"4c94ff52\" data-element_type=\"column\" data-e-type=\"column\">\n\t\t\t<div class=\"elementor-widget-wrap elementor-element-populated\">\n\t\t\t\t\t\t<div class=\"elementor-element elementor-element-1aa367d6 elementor-widget elementor-widget-heading\" data-id=\"1aa367d6\" data-element_type=\"widget\" data-e-type=\"widget\" data-widget_type=\"heading.default\">\n\t\t\t\t<div class=\"elementor-widget-container\">\n\t\t\t\t\t<h3 class=\"elementor-heading-title elementor-size-default\">DIE POSITION\n<\/h3>\t\t\t\t<\/div>\n\t\t\t\t<\/div>\n\t\t\t\t<div class=\"elementor-element elementor-element-1fa77a23 elementor-widget elementor-widget-text-editor\" data-id=\"1fa77a23\" data-element_type=\"widget\" data-e-type=\"widget\" data-widget_type=\"text-editor.default\">\n\t\t\t\t<div class=\"elementor-widget-container\">\n\t\t\t\t\t\t\t\t\t<div class=\"et_pb_section et_pb_section_4 et_pb_with_background et_section_regular\"><div class=\"et_pb_row et_pb_row_3\"><div class=\"et_pb_column et_pb_column_4_4 et_pb_column_3 et_pb_css_mix_blend_mode_passthrough et-last-child\"><div class=\"et_pb_module dvmd_image_box dvmd_image_box_1 dvmd_ib_version_1_1_4\"><div class=\"et_pb_module_inner\"><div class=\"dvmd_ib_text\"><p id=\"caption\" class=\"dvmd_ib_caption\">Die Villa ai Fanghi befindet sich in einer sehr ruhigen Wohngegend zwischen Minusio und Brione s\/Minusio und bietet einen herrlichen Blick auf den Lago Maggiore und die umliegenden Berge.  <\/p><p id=\"caption\" class=\"dvmd_ib_caption\">Mit dem Auto ist man in 5 Minuten in Locarno, in 15 in Ascona, und in 35 in Lugano. Der Flughafen in Mailand-Malpensa ist 90 Minuten und derjenige in Z\u00fcrich-Kloten zweieinhalb Stunden entfernt.<\/p><\/div><\/div><\/div><\/div><\/div><\/div>\t\t\t\t\t\t\t\t<\/div>\n\t\t\t\t<\/div>\n\t\t\t\t\t<\/div>\n\t\t<\/div>\n\t\t\t\t<div class=\"elementor-column elementor-col-50 elementor-top-column elementor-element elementor-element-2edebb79\" data-id=\"2edebb79\" data-element_type=\"column\" data-e-type=\"column\">\n\t\t\t<div class=\"elementor-widget-wrap elementor-element-populated\">\n\t\t\t\t\t\t<div class=\"elementor-element elementor-element-65bd8e98 elementor-widget elementor-widget-image\" data-id=\"65bd8e98\" data-element_type=\"widget\" data-e-type=\"widget\" data-widget_type=\"image.default\">\n\t\t\t\t<div class=\"elementor-widget-container\">\n\t\t\t\t\t\t\t\t\t\t\t\t\t\t\t<img decoding=\"async\" width=\"600\" height=\"400\" src=\"https:\/\/omninvest.ch\/wp-content\/uploads\/sites\/116\/2023\/01\/omninvest_posizione_fanghi.jpg\" class=\"attachment-large size-large wp-image-1489\" alt=\"\" \/>\t\t\t\t\t\t\t\t\t\t\t\t\t\t\t<\/div>\n\t\t\t\t<\/div>\n\t\t\t\t\t<\/div>\n\t\t<\/div>\n\t\t\t\t\t<\/div>\n\t\t<\/section>\n\t\t\t\t<section class=\"elementor-section elementor-top-section elementor-element elementor-element-715e5e71 elementor-section-full_width elementor-section-height-default elementor-section-height-default\" data-id=\"715e5e71\" data-element_type=\"section\" data-e-type=\"section\">\n\t\t\t\t\t\t<div class=\"elementor-container elementor-column-gap-no\">\n\t\t\t\t\t<div class=\"elementor-column elementor-col-100 elementor-top-column elementor-element elementor-element-7c17668d\" data-id=\"7c17668d\" data-element_type=\"column\" data-e-type=\"column\">\n\t\t\t<div class=\"elementor-widget-wrap elementor-element-populated\">\n\t\t\t\t\t\t<div class=\"elementor-element elementor-element-4e0ad35f elementor-widget elementor-widget-google_maps\" data-id=\"4e0ad35f\" data-element_type=\"widget\" data-e-type=\"widget\" data-widget_type=\"google_maps.default\">\n\t\t\t\t<div class=\"elementor-widget-container\">\n\t\t\t\t\t\t\t<div class=\"elementor-custom-embed\">\n\t\t\t<iframe loading=\"lazy\"\n\t\t\t\t\tsrc=\"https:\/\/maps.google.com\/maps?q=Via%20Contra%20170%2F170%2C%206645%20Brione%20sopra%20Minusio&#038;t=m&#038;z=14&#038;output=embed&#038;iwloc=near\"\n\t\t\t\t\ttitle=\"Via Contra 170\/170, 6645 Brione sopra Minusio\"\n\t\t\t\t\taria-label=\"Via Contra 170\/170, 6645 Brione sopra Minusio\"\n\t\t\t><\/iframe>\n\t\t<\/div>\n\t\t\t\t\t\t<\/div>\n\t\t\t\t<\/div>\n\t\t\t\t\t<\/div>\n\t\t<\/div>\n\t\t\t\t\t<\/div>\n\t\t<\/section>\n\t\t\t\t<\/div>\n\t\t","protected":false},"excerpt":{"rendered":"<p>VILLA IN BRIONE S\/MINUSIO | VERKAUFT AI FANGHI Die Villa ai Fanghi befindet sich auf den H\u00fcgeln oberhalb Locarno und geniesst eine pr\u00e4chtige Sicht auf den Lago Maggiore. Mit grossem Augenmerk bis ins kleinste Detail, zeichnet sich die Villa durch wertvollste Materialen sowie modernes Design aus. Der Wellnessbereich lockt mit Fitnessger\u00e4ten, Sauna und Dampfbad. Draussen [&hellip;]<\/p>\n","protected":false},"author":45,"featured_media":0,"parent":1831,"menu_order":0,"comment_status":"closed","ping_status":"open","template":"elementor_header_footer","meta":{"_seopress_robots_primary_cat":"","_seopress_titles_title":"","_seopress_titles_desc":"","_seopress_robots_index":"","footnotes":""},"class_list":["post-1816","page","type-page","status-publish","hentry"],"_links":{"self":[{"href":"https:\/\/omninvest.ch\/de\/wp-json\/wp\/v2\/pages\/1816","targetHints":{"allow":["GET"]}}],"collection":[{"href":"https:\/\/omninvest.ch\/de\/wp-json\/wp\/v2\/pages"}],"about":[{"href":"https:\/\/omninvest.ch\/de\/wp-json\/wp\/v2\/types\/page"}],"author":[{"embeddable":true,"href":"https:\/\/omninvest.ch\/de\/wp-json\/wp\/v2\/users\/45"}],"replies":[{"embeddable":true,"href":"https:\/\/omninvest.ch\/de\/wp-json\/wp\/v2\/comments?post=1816"}],"version-history":[{"count":0,"href":"https:\/\/omninvest.ch\/de\/wp-json\/wp\/v2\/pages\/1816\/revisions"}],"up":[{"embeddable":true,"href":"https:\/\/omninvest.ch\/de\/wp-json\/wp\/v2\/pages\/1831"}],"wp:attachment":[{"href":"https:\/\/omninvest.ch\/de\/wp-json\/wp\/v2\/media?parent=1816"}],"curies":[{"name":"wp","href":"https:\/\/api.w.org\/{rel}","templated":true}]}}