{"id":1820,"date":"2023-01-05T09:06:43","date_gmt":"2023-01-05T09:06:43","guid":{"rendered":"https:\/\/ticinoweb02.jcloud.ik-server.com\/omninvest\/3-palmen\/"},"modified":"2025-10-02T09:53:22","modified_gmt":"2025-10-02T09:53:22","slug":"3-palmen","status":"publish","type":"page","link":"https:\/\/omninvest.ch\/de\/verkauf\/3-palmen\/","title":{"rendered":"Le Tre Palme"},"content":{"rendered":"\t\t<div data-elementor-type=\"wp-page\" data-elementor-id=\"1820\" class=\"elementor elementor-1820 elementor-277\" data-elementor-post-type=\"page\">\n\t\t\t\t\t\t<section class=\"elementor-section elementor-top-section elementor-element elementor-element-2c48ebfd elementor-section-boxed elementor-section-height-default elementor-section-height-default\" data-id=\"2c48ebfd\" data-element_type=\"section\" data-e-type=\"section\" data-settings=\"{&quot;background_background&quot;:&quot;classic&quot;}\">\n\t\t\t\t\t\t\t<div class=\"elementor-background-overlay\"><\/div>\n\t\t\t\t\t\t\t<div class=\"elementor-container elementor-column-gap-default\">\n\t\t\t\t\t<div class=\"elementor-column elementor-col-100 elementor-top-column elementor-element elementor-element-577157b1\" data-id=\"577157b1\" data-element_type=\"column\" data-e-type=\"column\">\n\t\t\t<div class=\"elementor-widget-wrap elementor-element-populated\">\n\t\t\t\t\t\t\t<\/div>\n\t\t<\/div>\n\t\t\t\t\t<\/div>\n\t\t<\/section>\n\t\t\t\t<section class=\"elementor-section elementor-top-section elementor-element elementor-element-56d0e3aa elementor-section-boxed elementor-section-height-default elementor-section-height-default\" data-id=\"56d0e3aa\" data-element_type=\"section\" data-e-type=\"section\">\n\t\t\t\t\t\t<div class=\"elementor-container elementor-column-gap-default\">\n\t\t\t\t\t<div class=\"elementor-column elementor-col-100 elementor-top-column elementor-element elementor-element-3e28f70b\" data-id=\"3e28f70b\" data-element_type=\"column\" data-e-type=\"column\">\n\t\t\t<div class=\"elementor-widget-wrap elementor-element-populated\">\n\t\t\t\t\t\t<div class=\"elementor-element elementor-element-e5ab275 elementor-widget elementor-widget-heading\" data-id=\"e5ab275\" data-element_type=\"widget\" data-e-type=\"widget\" data-widget_type=\"heading.default\">\n\t\t\t\t<div class=\"elementor-widget-container\">\n\t\t\t\t\t<h3 class=\"elementor-heading-title elementor-size-medium\">RESIDENZ IN MINUSIO<\/h3>\t\t\t\t<\/div>\n\t\t\t\t<\/div>\n\t\t\t\t<div class=\"elementor-element elementor-element-22adaed8 elementor-widget elementor-widget-heading\" data-id=\"22adaed8\" data-element_type=\"widget\" data-e-type=\"widget\" data-widget_type=\"heading.default\">\n\t\t\t\t<div class=\"elementor-widget-container\">\n\t\t\t\t\t<h2 class=\"elementor-heading-title elementor-size-default\">LE TRE PALME\n<\/h2>\t\t\t\t<\/div>\n\t\t\t\t<\/div>\n\t\t\t\t<div class=\"elementor-element elementor-element-49da9fb9 elementor-widget elementor-widget-text-editor\" data-id=\"49da9fb9\" data-element_type=\"widget\" data-e-type=\"widget\" data-widget_type=\"text-editor.default\">\n\t\t\t\t<div class=\"elementor-widget-container\">\n\t\t\t\t\t\t\t\t\t<div class=\"et_pb_section et_pb_section_1 et_section_regular\"><div class=\"et_pb_row et_pb_row_1\"><div class=\"et_pb_column et_pb_column_4_4 et_pb_column_1 et_pb_css_mix_blend_mode_passthrough et-last-child\"><div class=\"et_pb_module et_pb_text et_pb_text_1 et_pb_text_align_left et_pb_bg_layout_light\"><div class=\"et_pb_text_inner\"><p id=\"u84344-5\">Die Residenz Le Tre Palme ist eine Luxusresidenz mit grossen Terrassen und herrlicher Seesicht. Das Projekt erlaubte die Realisierung der Innenr\u00e4ume und der Ausbauarbeiten. Die niedrigen Heizkosten sind gew\u00e4hrleistet durch die Erdw\u00e4rmepumpe, der Sonnenkollektoren f\u00fcr das Warmwasser sowie das K\u00fchlsystem im Sommer durch W\u00e4rmetauscher.<\/p><\/div><\/div><\/div><\/div><\/div>\t\t\t\t\t\t\t\t<\/div>\n\t\t\t\t<\/div>\n\t\t\t\t<section class=\"elementor-section elementor-inner-section elementor-element elementor-element-4de3b5c4 elementor-section-boxed elementor-section-height-default elementor-section-height-default\" data-id=\"4de3b5c4\" data-element_type=\"section\" data-e-type=\"section\">\n\t\t\t\t\t\t<div class=\"elementor-container elementor-column-gap-default\">\n\t\t\t\t\t<div class=\"elementor-column elementor-col-50 elementor-inner-column elementor-element elementor-element-2981e36d\" data-id=\"2981e36d\" data-element_type=\"column\" data-e-type=\"column\">\n\t\t\t<div class=\"elementor-widget-wrap elementor-element-populated\">\n\t\t\t\t\t\t<div class=\"elementor-element elementor-element-18dccfa4 elementor-align-center elementor-mobile-align-center elementor-widget elementor-widget-button\" data-id=\"18dccfa4\" data-element_type=\"widget\" data-e-type=\"widget\" data-widget_type=\"button.default\">\n\t\t\t\t<div class=\"elementor-widget-container\">\n\t\t\t\t\t\t\t\t\t<div class=\"elementor-button-wrapper\">\n\t\t\t\t\t<a class=\"elementor-button elementor-button-link elementor-size-md\" href=\"https:\/\/omninvest.ch\/wp-content\/uploads\/sites\/116\/2023\/10\/Prospetto-di-vendita.pdf\">\n\t\t\t\t\t\t<span class=\"elementor-button-content-wrapper\">\n\t\t\t\t\t\t\t\t\t<span class=\"elementor-button-text\">PROSPEKT<\/span>\n\t\t\t\t\t<\/span>\n\t\t\t\t\t<\/a>\n\t\t\t\t<\/div>\n\t\t\t\t\t\t\t\t<\/div>\n\t\t\t\t<\/div>\n\t\t\t\t\t<\/div>\n\t\t<\/div>\n\t\t\t\t<div class=\"elementor-column elementor-col-50 elementor-inner-column elementor-element elementor-element-419ec1e2\" data-id=\"419ec1e2\" data-element_type=\"column\" data-e-type=\"column\">\n\t\t\t<div class=\"elementor-widget-wrap elementor-element-populated\">\n\t\t\t\t\t\t<div class=\"elementor-element elementor-element-309b0fce elementor-align-center elementor-mobile-align-center elementor-widget elementor-widget-button\" data-id=\"309b0fce\" data-element_type=\"widget\" data-e-type=\"widget\" data-widget_type=\"button.default\">\n\t\t\t\t<div class=\"elementor-widget-container\">\n\t\t\t\t\t\t\t\t\t<div class=\"elementor-button-wrapper\">\n\t\t\t\t\t<a class=\"elementor-button elementor-button-link elementor-size-md\" href=\"https:\/\/omninvest.ch\/wp-content\/uploads\/sites\/116\/2023\/10\/Descrittivo-tecnico-Le-tre-Palme-18.9.2018.pdf\">\n\t\t\t\t\t\t<span class=\"elementor-button-content-wrapper\">\n\t\t\t\t\t\t\t\t\t<span class=\"elementor-button-text\">BAUBESCHRIEB<\/span>\n\t\t\t\t\t<\/span>\n\t\t\t\t\t<\/a>\n\t\t\t\t<\/div>\n\t\t\t\t\t\t\t\t<\/div>\n\t\t\t\t<\/div>\n\t\t\t\t\t<\/div>\n\t\t<\/div>\n\t\t\t\t\t<\/div>\n\t\t<\/section>\n\t\t\t\t\t<\/div>\n\t\t<\/div>\n\t\t\t\t\t<\/div>\n\t\t<\/section>\n\t\t\t\t<section class=\"elementor-section elementor-top-section elementor-element elementor-element-46402806 elementor-section-full_width elementor-section-height-default elementor-section-height-default\" data-id=\"46402806\" data-element_type=\"section\" data-e-type=\"section\">\n\t\t\t\t\t\t<div class=\"elementor-container elementor-column-gap-no\">\n\t\t\t\t\t<div class=\"elementor-column elementor-col-100 elementor-top-column elementor-element elementor-element-3d8e9a1\" data-id=\"3d8e9a1\" data-element_type=\"column\" data-e-type=\"column\">\n\t\t\t<div class=\"elementor-widget-wrap elementor-element-populated\">\n\t\t\t\t\t\t<div class=\"elementor-element elementor-element-6d655e2f elementor-pagination-position-inside elementor-arrows-position-inside elementor-widget elementor-widget-image-carousel\" data-id=\"6d655e2f\" data-element_type=\"widget\" data-e-type=\"widget\" data-settings=\"{&quot;slides_to_show&quot;:&quot;1&quot;,&quot;navigation&quot;:&quot;both&quot;,&quot;autoplay&quot;:&quot;yes&quot;,&quot;pause_on_hover&quot;:&quot;yes&quot;,&quot;pause_on_interaction&quot;:&quot;yes&quot;,&quot;autoplay_speed&quot;:5000,&quot;infinite&quot;:&quot;yes&quot;,&quot;effect&quot;:&quot;slide&quot;,&quot;speed&quot;:500}\" data-widget_type=\"image-carousel.default\">\n\t\t\t\t<div class=\"elementor-widget-container\">\n\t\t\t\t\t\t\t<div class=\"elementor-image-carousel-wrapper swiper\" role=\"region\" aria-roledescription=\"carousel\" aria-label=\"Carosello d&#039;immagini\" dir=\"ltr\">\n\t\t\t<div class=\"elementor-image-carousel swiper-wrapper swiper-image-stretch\" aria-live=\"off\">\n\t\t\t\t\t\t\t\t<div class=\"swiper-slide\" role=\"group\" aria-roledescription=\"slide\" aria-label=\"1 von 6\"><figure class=\"swiper-slide-inner\"><img decoding=\"async\" class=\"swiper-slide-image\" src=\"https:\/\/omninvest.ch\/wp-content\/uploads\/sites\/116\/2023\/01\/omninvest_cucina_3_3palme-1.jpg\" alt=\"Residenza Tre Palme\" \/><\/figure><\/div><div class=\"swiper-slide\" role=\"group\" aria-roledescription=\"slide\" aria-label=\"2 von 6\"><figure class=\"swiper-slide-inner\"><img decoding=\"async\" class=\"swiper-slide-image\" src=\"https:\/\/omninvest.ch\/wp-content\/uploads\/sites\/116\/2023\/01\/omninvest_bagno_2_3palme-1.jpg\" alt=\"Residenza Tre Palme\" \/><\/figure><\/div><div class=\"swiper-slide\" role=\"group\" aria-roledescription=\"slide\" aria-label=\"3 von 6\"><figure class=\"swiper-slide-inner\"><img decoding=\"async\" class=\"swiper-slide-image\" src=\"https:\/\/omninvest.ch\/wp-content\/uploads\/sites\/116\/2023\/01\/omninvest_sala_3palme.jpg\" alt=\"omninvest_sala_3palme\" \/><\/figure><\/div><div class=\"swiper-slide\" role=\"group\" aria-roledescription=\"slide\" aria-label=\"4 von 6\"><figure class=\"swiper-slide-inner\"><img decoding=\"async\" class=\"swiper-slide-image\" src=\"https:\/\/omninvest.ch\/wp-content\/uploads\/sites\/116\/2023\/01\/omninvest_cucina_3palme-1.jpg\" alt=\"Le Tre Palme\" \/><\/figure><\/div><div class=\"swiper-slide\" role=\"group\" aria-roledescription=\"slide\" aria-label=\"5 von 6\"><figure class=\"swiper-slide-inner\"><img decoding=\"async\" class=\"swiper-slide-image\" src=\"https:\/\/omninvest.ch\/wp-content\/uploads\/sites\/116\/2023\/01\/omninvest_atrio_3palme.jpg\" alt=\"omninvest_atrio_3palme\" \/><\/figure><\/div><div class=\"swiper-slide\" role=\"group\" aria-roledescription=\"slide\" aria-label=\"6 von 6\"><figure class=\"swiper-slide-inner\"><img decoding=\"async\" class=\"swiper-slide-image\" src=\"https:\/\/omninvest.ch\/wp-content\/uploads\/sites\/116\/2023\/01\/omninvest_cucina_app3_3palme-1.jpg\" alt=\"omninvest_cucina_app3_3palme\" \/><\/figure><\/div>\t\t\t<\/div>\n\t\t\t\t\t\t\t\t\t\t\t\t<div class=\"elementor-swiper-button elementor-swiper-button-prev\" role=\"button\" tabindex=\"0\">\n\t\t\t\t\t\t<svg aria-hidden=\"true\" class=\"e-font-icon-svg e-eicon-chevron-left\" viewBox=\"0 0 1000 1000\" xmlns=\"http:\/\/www.w3.org\/2000\/svg\"><path d=\"M646 125C629 125 613 133 604 142L308 442C296 454 292 471 292 487 292 504 296 521 308 533L604 854C617 867 629 875 646 875 663 875 679 871 692 858 704 846 713 829 713 812 713 796 708 779 692 767L438 487 692 225C700 217 708 204 708 187 708 171 704 154 692 142 675 129 663 125 646 125Z\"><\/path><\/svg>\t\t\t\t\t<\/div>\n\t\t\t\t\t<div class=\"elementor-swiper-button elementor-swiper-button-next\" role=\"button\" tabindex=\"0\">\n\t\t\t\t\t\t<svg aria-hidden=\"true\" class=\"e-font-icon-svg e-eicon-chevron-right\" viewBox=\"0 0 1000 1000\" xmlns=\"http:\/\/www.w3.org\/2000\/svg\"><path d=\"M696 533C708 521 713 504 713 487 713 471 708 454 696 446L400 146C388 133 375 125 354 125 338 125 325 129 313 142 300 154 292 171 292 187 292 204 296 221 308 233L563 492 304 771C292 783 288 800 288 817 288 833 296 850 308 863 321 871 338 875 354 875 371 875 388 867 400 854L696 533Z\"><\/path><\/svg>\t\t\t\t\t<\/div>\n\t\t\t\t\n\t\t\t\t\t\t\t\t\t<div class=\"swiper-pagination\"><\/div>\n\t\t\t\t\t\t\t\t\t<\/div>\n\t\t\t\t\t\t<\/div>\n\t\t\t\t<\/div>\n\t\t\t\t\t<\/div>\n\t\t<\/div>\n\t\t\t\t\t<\/div>\n\t\t<\/section>\n\t\t\t\t<section class=\"elementor-section elementor-top-section elementor-element elementor-element-5e39ff2e elementor-section-boxed elementor-section-height-default elementor-section-height-default\" data-id=\"5e39ff2e\" data-element_type=\"section\" data-e-type=\"section\">\n\t\t\t\t\t\t<div class=\"elementor-container elementor-column-gap-default\">\n\t\t\t\t\t<div class=\"elementor-column elementor-col-50 elementor-top-column elementor-element elementor-element-41630d0f\" data-id=\"41630d0f\" data-element_type=\"column\" data-e-type=\"column\">\n\t\t\t<div class=\"elementor-widget-wrap elementor-element-populated\">\n\t\t\t\t\t\t<div class=\"elementor-element elementor-element-3621d7b0 elementor-widget elementor-widget-image\" data-id=\"3621d7b0\" data-element_type=\"widget\" data-e-type=\"widget\" data-widget_type=\"image.default\">\n\t\t\t\t<div class=\"elementor-widget-container\">\n\t\t\t\t\t\t\t\t\t\t\t\t\t\t\t<img fetchpriority=\"high\" decoding=\"async\" width=\"800\" height=\"600\" src=\"https:\/\/omninvest.ch\/wp-content\/uploads\/sites\/116\/2023\/01\/lungolago.jpg\" class=\"attachment-large size-large wp-image-1412\" alt=\"\" \/>\t\t\t\t\t\t\t\t\t\t\t\t\t\t\t<\/div>\n\t\t\t\t<\/div>\n\t\t\t\t\t<\/div>\n\t\t<\/div>\n\t\t\t\t<div class=\"elementor-column elementor-col-50 elementor-top-column elementor-element elementor-element-7bf62379\" data-id=\"7bf62379\" data-element_type=\"column\" data-e-type=\"column\">\n\t\t\t<div class=\"elementor-widget-wrap elementor-element-populated\">\n\t\t\t\t\t\t<div class=\"elementor-element elementor-element-5ddc0cdd elementor-widget elementor-widget-heading\" data-id=\"5ddc0cdd\" data-element_type=\"widget\" data-e-type=\"widget\" data-widget_type=\"heading.default\">\n\t\t\t\t<div class=\"elementor-widget-container\">\n\t\t\t\t\t<h3 class=\"elementor-heading-title elementor-size-default\">DIE REGION\n<\/h3>\t\t\t\t<\/div>\n\t\t\t\t<\/div>\n\t\t\t\t<div class=\"elementor-element elementor-element-77179b16 elementor-widget elementor-widget-text-editor\" data-id=\"77179b16\" data-element_type=\"widget\" data-e-type=\"widget\" data-widget_type=\"text-editor.default\">\n\t\t\t\t<div class=\"elementor-widget-container\">\n\t\t\t\t\t\t\t\t\t<p id=\"caption\" class=\"dvmd_ib_caption\">Die Region Locarno geniesst dank ihrer Lage s\u00fcdlich der Alpen ein Mittelmeerklima mit deutlich h\u00f6heren Temperaturen und mehr Sonnentage als der schweizerische Durchschnitt.<\/p><p id=\"caption\" class=\"dvmd_ib_caption\">Der Lago Maggiore, das Verzasca und das Maggiatal \u2013 um nur zwei T\u00e4ler zu nennen \u2013 bieten Ihnen unz\u00e4hlige Wassersportm\u00f6glichkeiten. Golfliebhaber haben die Wahl zwischen dem Golf Club Patriziale in Ascona, der direkt am Seeufer liegt, und Golf Gerre in Losone.  <\/p><p id=\"caption\" class=\"dvmd_ib_caption\">Zu Spazierg\u00e4ngen verlocken die Naturschutzzone der \u201cBolle di Magadino\u201d, die umliegenden Berge, die botanischen G\u00e4rten auf den Brissago- und Borrom\u00e4ischen Inseln, die pr\u00e4chtigen T\u00e4ler und die sch\u00f6ne Seepromenade. Bei den Events von internationalem Ruhm stechen das Filmfestival von Locarno f\u00fcr die Liebhaber des Films und das Moon and Stars Festival f\u00fcr die Musikfans hervor.<\/p>\t\t\t\t\t\t\t\t<\/div>\n\t\t\t\t<\/div>\n\t\t\t\t\t<\/div>\n\t\t<\/div>\n\t\t\t\t\t<\/div>\n\t\t<\/section>\n\t\t\t\t<section class=\"elementor-section elementor-top-section elementor-element elementor-element-63ae424c elementor-reverse-mobile elementor-section-boxed elementor-section-height-default elementor-section-height-default\" data-id=\"63ae424c\" data-element_type=\"section\" data-e-type=\"section\" data-settings=\"{&quot;background_background&quot;:&quot;classic&quot;}\">\n\t\t\t\t\t\t<div class=\"elementor-container elementor-column-gap-default\">\n\t\t\t\t\t<div class=\"elementor-column elementor-col-50 elementor-top-column elementor-element elementor-element-2363e6e4\" data-id=\"2363e6e4\" data-element_type=\"column\" data-e-type=\"column\">\n\t\t\t<div class=\"elementor-widget-wrap elementor-element-populated\">\n\t\t\t\t\t\t<div class=\"elementor-element elementor-element-58fea7ed elementor-widget elementor-widget-heading\" data-id=\"58fea7ed\" data-element_type=\"widget\" data-e-type=\"widget\" data-widget_type=\"heading.default\">\n\t\t\t\t<div class=\"elementor-widget-container\">\n\t\t\t\t\t<h3 class=\"elementor-heading-title elementor-size-default\">DIE POSITION\n<\/h3>\t\t\t\t<\/div>\n\t\t\t\t<\/div>\n\t\t\t\t<div class=\"elementor-element elementor-element-19f99346 elementor-widget elementor-widget-text-editor\" data-id=\"19f99346\" data-element_type=\"widget\" data-e-type=\"widget\" data-widget_type=\"text-editor.default\">\n\t\t\t\t<div class=\"elementor-widget-container\">\n\t\t\t\t\t\t\t\t\t<p id=\"caption\" class=\"dvmd_ib_caption\">Die Residenz liegt in einer besonders ruhigen und sonnigen Lage, mit S\u00fcdausrichtung und einer sch\u00f6nen Sicht auf den Lago Maggiore. Die Bushaltestelle, die Minusio und Locarno alle 15 Minuten verbindet, ist 50 Meter entfernt, und zur sch\u00f6nen Seepromenade mit ihren Restaurants sind es nur 500 Meter.<\/p><p id=\"caption\" class=\"dvmd_ib_caption\">Der neue Bahnhof von Minusio ist nur 500 m entfernt. Mit dem Auto ist man in 2 Minuten im Zentrum von Minusio, in 5 in Locarno, in 10 in Ascona, in 30 in Lugano, und in 90 Minuten erreicht man den Flughafen von Milano-Malpensa.<\/p>\t\t\t\t\t\t\t\t<\/div>\n\t\t\t\t<\/div>\n\t\t\t\t\t<\/div>\n\t\t<\/div>\n\t\t\t\t<div class=\"elementor-column elementor-col-50 elementor-top-column elementor-element elementor-element-2eeb8092\" data-id=\"2eeb8092\" data-element_type=\"column\" data-e-type=\"column\">\n\t\t\t<div class=\"elementor-widget-wrap elementor-element-populated\">\n\t\t\t\t\t\t<div class=\"elementor-element elementor-element-11770322 elementor-widget elementor-widget-image\" data-id=\"11770322\" data-element_type=\"widget\" data-e-type=\"widget\" data-widget_type=\"image.default\">\n\t\t\t\t<div class=\"elementor-widget-container\">\n\t\t\t\t\t\t\t\t\t\t\t\t\t\t\t<img decoding=\"async\" width=\"800\" height=\"600\" src=\"https:\/\/omninvest.ch\/wp-content\/uploads\/sites\/116\/2023\/01\/punto_3palme.jpg\" class=\"attachment-large size-large wp-image-1464\" alt=\"\" \/>\t\t\t\t\t\t\t\t\t\t\t\t\t\t\t<\/div>\n\t\t\t\t<\/div>\n\t\t\t\t\t<\/div>\n\t\t<\/div>\n\t\t\t\t\t<\/div>\n\t\t<\/section>\n\t\t\t\t<section class=\"elementor-section elementor-top-section elementor-element elementor-element-4630a0b1 elementor-section-full_width elementor-section-height-default elementor-section-height-default\" data-id=\"4630a0b1\" data-element_type=\"section\" data-e-type=\"section\">\n\t\t\t\t\t\t<div class=\"elementor-container elementor-column-gap-no\">\n\t\t\t\t\t<div class=\"elementor-column elementor-col-100 elementor-top-column elementor-element elementor-element-3b3bc78e\" data-id=\"3b3bc78e\" data-element_type=\"column\" data-e-type=\"column\">\n\t\t\t<div class=\"elementor-widget-wrap elementor-element-populated\">\n\t\t\t\t\t\t<div class=\"elementor-element elementor-element-c863a20 elementor-widget elementor-widget-google_maps\" data-id=\"c863a20\" data-element_type=\"widget\" data-e-type=\"widget\" data-widget_type=\"google_maps.default\">\n\t\t\t\t<div class=\"elementor-widget-container\">\n\t\t\t\t\t\t\t<div class=\"elementor-custom-embed\">\n\t\t\t<iframe loading=\"lazy\"\n\t\t\t\t\tsrc=\"https:\/\/maps.google.com\/maps?q=Via%20C%C3%A0%20di%20ferro%204%2C%206648%20Minusio&#038;t=m&#038;z=14&#038;output=embed&#038;iwloc=near\"\n\t\t\t\t\ttitle=\"Via C\u00e0 di ferro 4, 6648 Minusio\"\n\t\t\t\t\taria-label=\"Via C\u00e0 di ferro 4, 6648 Minusio\"\n\t\t\t><\/iframe>\n\t\t<\/div>\n\t\t\t\t\t\t<\/div>\n\t\t\t\t<\/div>\n\t\t\t\t\t<\/div>\n\t\t<\/div>\n\t\t\t\t\t<\/div>\n\t\t<\/section>\n\t\t\t\t<\/div>\n\t\t","protected":false},"excerpt":{"rendered":"<p>RESIDENZ IN MINUSIO LE TRE PALME Die Residenz Le Tre Palme ist eine Luxusresidenz mit grossen Terrassen und herrlicher Seesicht. Das Projekt erlaubte die Realisierung der Innenr\u00e4ume und der Ausbauarbeiten. Die niedrigen Heizkosten sind gew\u00e4hrleistet durch die Erdw\u00e4rmepumpe, der Sonnenkollektoren f\u00fcr das Warmwasser sowie das K\u00fchlsystem im Sommer durch W\u00e4rmetauscher. PROSPEKT BAUBESCHRIEB DIE REGION Die [&hellip;]<\/p>\n","protected":false},"author":45,"featured_media":0,"parent":1831,"menu_order":0,"comment_status":"closed","ping_status":"open","template":"elementor_header_footer","meta":{"_seopress_robots_primary_cat":"","_seopress_titles_title":"","_seopress_titles_desc":"","_seopress_robots_index":"","_seopress_analysis_target_kw":"","footnotes":""},"class_list":["post-1820","page","type-page","status-publish","hentry"],"_links":{"self":[{"href":"https:\/\/omninvest.ch\/de\/wp-json\/wp\/v2\/pages\/1820","targetHints":{"allow":["GET"]}}],"collection":[{"href":"https:\/\/omninvest.ch\/de\/wp-json\/wp\/v2\/pages"}],"about":[{"href":"https:\/\/omninvest.ch\/de\/wp-json\/wp\/v2\/types\/page"}],"author":[{"embeddable":true,"href":"https:\/\/omninvest.ch\/de\/wp-json\/wp\/v2\/users\/45"}],"replies":[{"embeddable":true,"href":"https:\/\/omninvest.ch\/de\/wp-json\/wp\/v2\/comments?post=1820"}],"version-history":[{"count":0,"href":"https:\/\/omninvest.ch\/de\/wp-json\/wp\/v2\/pages\/1820\/revisions"}],"up":[{"embeddable":true,"href":"https:\/\/omninvest.ch\/de\/wp-json\/wp\/v2\/pages\/1831"}],"wp:attachment":[{"href":"https:\/\/omninvest.ch\/de\/wp-json\/wp\/v2\/media?parent=1820"}],"curies":[{"name":"wp","href":"https:\/\/api.w.org\/{rel}","templated":true}]}}