{"id":1829,"date":"2023-01-02T11:06:10","date_gmt":"2023-01-02T11:06:10","guid":{"rendered":"https:\/\/ticinoweb02.jcloud.ik-server.com\/omninvest\/home\/"},"modified":"2026-04-10T12:52:18","modified_gmt":"2026-04-10T12:52:18","slug":"home","status":"publish","type":"page","link":"https:\/\/omninvest.ch\/de\/","title":{"rendered":"Home"},"content":{"rendered":"\t\t<div data-elementor-type=\"wp-page\" data-elementor-id=\"1829\" class=\"elementor elementor-1829 elementor-9\" data-elementor-post-type=\"page\">\n\t\t\t\t<div class=\"elementor-element elementor-element-5184ab1 e-flex e-con-boxed e-con e-parent\" data-id=\"5184ab1\" data-element_type=\"container\" data-e-type=\"container\" data-settings=\"{&quot;background_background&quot;:&quot;classic&quot;}\">\n\t\t\t\t\t<div class=\"e-con-inner\">\n\t\t<div class=\"elementor-element elementor-element-098d3f9 e-con-full e-flex e-con e-child\" data-id=\"098d3f9\" data-element_type=\"container\" data-e-type=\"container\">\n\t\t\t\t<div class=\"elementor-element elementor-element-9e11318 elementor-widget elementor-widget-image\" data-id=\"9e11318\" data-element_type=\"widget\" data-e-type=\"widget\" data-widget_type=\"image.default\">\n\t\t\t\t<div class=\"elementor-widget-container\">\n\t\t\t\t\t\t\t\t\t\t\t\t\t\t\t<img fetchpriority=\"high\" decoding=\"async\" width=\"3508\" height=\"2480\" src=\"https:\/\/omninvest.ch\/wp-content\/uploads\/sites\/116\/2023\/08\/Logo-OMNINVEST-bianco-e1743516289850.png\" class=\"attachment-full size-full wp-image-4360\" alt=\"\" \/>\t\t\t\t\t\t\t\t\t\t\t\t\t\t\t<\/div>\n\t\t\t\t<\/div>\n\t\t\t\t<div class=\"elementor-element elementor-element-bf81b65 elementor-invisible elementor-widget elementor-widget-heading\" data-id=\"bf81b65\" data-element_type=\"widget\" data-e-type=\"widget\" data-settings=\"{&quot;_animation&quot;:&quot;fadeInLeft&quot;,&quot;_animation_delay&quot;:&quot;240&quot;}\" data-widget_type=\"heading.default\">\n\t\t\t\t<div class=\"elementor-widget-container\">\n\t\t\t\t\t<h4 class=\"elementor-heading-title elementor-size-default\">Dove il sogno diventa casa.<\/h4>\t\t\t\t<\/div>\n\t\t\t\t<\/div>\n\t\t\t\t<div class=\"elementor-element elementor-element-f8c655b elementor-align-center elementor-invisible elementor-widget elementor-widget-button\" data-id=\"f8c655b\" data-element_type=\"widget\" data-e-type=\"widget\" data-settings=\"{&quot;_animation&quot;:&quot;fadeInLeft&quot;,&quot;_animation_delay&quot;:&quot;480&quot;}\" data-widget_type=\"button.default\">\n\t\t\t\t<div class=\"elementor-widget-container\">\n\t\t\t\t\t\t\t\t\t<div class=\"elementor-button-wrapper\">\n\t\t\t\t\t<a class=\"elementor-button elementor-button-link elementor-size-lg\" href=\"https:\/\/omninvest.ch\/de\/verkauf\/\">\n\t\t\t\t\t\t<span class=\"elementor-button-content-wrapper\">\n\t\t\t\t\t\t\t\t\t<span class=\"elementor-button-text\">Mehr<\/span>\n\t\t\t\t\t<\/span>\n\t\t\t\t\t<\/a>\n\t\t\t\t<\/div>\n\t\t\t\t\t\t\t\t<\/div>\n\t\t\t\t<\/div>\n\t\t\t\t<\/div>\n\t\t\t\t\t<\/div>\n\t\t\t\t<\/div>\n\t\t\t\t<section class=\"elementor-section elementor-top-section elementor-element elementor-element-52f7f90d elementor-section-full_width elementor-section-height-default elementor-section-height-default\" data-id=\"52f7f90d\" data-element_type=\"section\" data-e-type=\"section\">\n\t\t\t\t\t\t<div class=\"elementor-container elementor-column-gap-default\">\n\t\t\t\t\t<div class=\"elementor-column elementor-col-50 elementor-top-column elementor-element elementor-element-21f7d35\" data-id=\"21f7d35\" data-element_type=\"column\" data-e-type=\"column\">\n\t\t\t<div class=\"elementor-widget-wrap elementor-element-populated\">\n\t\t\t\t\t<div class=\"elementor-background-overlay\"><\/div>\n\t\t\t\t\t\t<div class=\"elementor-element elementor-element-6937aaa elementor-cta--skin-cover elementor-animated-content elementor-bg-transform elementor-bg-transform-zoom-in elementor-widget elementor-widget-call-to-action\" data-id=\"6937aaa\" data-element_type=\"widget\" data-e-type=\"widget\" data-widget_type=\"call-to-action.default\">\n\t\t\t\t<div class=\"elementor-widget-container\">\n\t\t\t\t\t\t\t<a class=\"elementor-cta\" href=\"https:\/\/omninvest.ch\/de\/verkauf\/residenza-dei-castagni\/\">\n\t\t\t\t\t<div class=\"elementor-cta__bg-wrapper\">\n\t\t\t\t<div class=\"elementor-cta__bg elementor-bg\" style=\"background-image: url(https:\/\/omninvest.ch\/wp-content\/uploads\/sites\/116\/2023\/10\/Vista-1536x874.jpg);\" role=\"img\" aria-label=\"Residenza Dei Castagni\"><\/div>\n\t\t\t\t<div class=\"elementor-cta__bg-overlay\"><\/div>\n\t\t\t<\/div>\n\t\t\t\t\t\t\t<div class=\"elementor-cta__content\">\n\t\t\t\t\n\t\t\t\t\t\t\t\t\t<h3 class=\"elementor-cta__title elementor-cta__content-item elementor-content-item elementor-animated-item--move-up\">\n\t\t\t\t\t\t<b>RESIDENZA DEI CASTAGNI<\/b>\t\t\t\t\t<\/h3>\n\t\t\t\t\n\t\t\t\t\t\t\t\t\t<span class=\"elementor-cta__description elementor-cta__content-item elementor-content-item elementor-animated-item--move-up\">\n\t\t\t\t\t\tBRIONE S\/MINUSIO\t\t\t\t\t<\/span>\n\t\t\t\t\n\t\t\t\t\t\t\t<\/div>\n\t\t\t\t\t\t<\/a>\n\t\t\t\t\t\t<\/div>\n\t\t\t\t<\/div>\n\t\t\t\t\t<\/div>\n\t\t<\/div>\n\t\t\t\t<div class=\"elementor-column elementor-col-50 elementor-top-column elementor-element elementor-element-663108f1\" data-id=\"663108f1\" data-element_type=\"column\" data-e-type=\"column\">\n\t\t\t<div class=\"elementor-widget-wrap elementor-element-populated\">\n\t\t\t\t\t<div class=\"elementor-background-overlay\"><\/div>\n\t\t\t\t\t\t<div class=\"elementor-element elementor-element-1df5c33 elementor-cta--skin-cover elementor-animated-content elementor-bg-transform elementor-bg-transform-zoom-in elementor-widget elementor-widget-call-to-action\" data-id=\"1df5c33\" data-element_type=\"widget\" data-e-type=\"widget\" data-widget_type=\"call-to-action.default\">\n\t\t\t\t<div class=\"elementor-widget-container\">\n\t\t\t\t\t\t\t<a class=\"elementor-cta\" href=\"https:\/\/omninvest.ch\/de\/verkauf\/residenza-riflessi-del-lago\/\">\n\t\t\t\t\t<div class=\"elementor-cta__bg-wrapper\">\n\t\t\t\t<div class=\"elementor-cta__bg elementor-bg\" style=\"background-image: url(https:\/\/omninvest.ch\/wp-content\/uploads\/sites\/116\/2024\/05\/FACCIATA-1536x864.png);\" role=\"img\" aria-label=\"FACCIATA\"><\/div>\n\t\t\t\t<div class=\"elementor-cta__bg-overlay\"><\/div>\n\t\t\t<\/div>\n\t\t\t\t\t\t\t<div class=\"elementor-cta__content\">\n\t\t\t\t\n\t\t\t\t\t\t\t\t\t<h3 class=\"elementor-cta__title elementor-cta__content-item elementor-content-item elementor-animated-item--move-up\">\n\t\t\t\t\t\t<b>RESIDENZA RIFLESSI DEL LAGO<\/b>\t\t\t\t\t<\/h3>\n\t\t\t\t\n\t\t\t\t\t\t\t\t\t<span class=\"elementor-cta__description elementor-cta__content-item elementor-content-item elementor-animated-item--move-up\">\n\t\t\t\t\t\tMINUSIO\n\n\t\t\t\t\t<\/span>\n\t\t\t\t\n\t\t\t\t\t\t\t<\/div>\n\t\t\t\t\t\t<\/a>\n\t\t\t\t\t\t<\/div>\n\t\t\t\t<\/div>\n\t\t\t\t\t<\/div>\n\t\t<\/div>\n\t\t\t\t\t<\/div>\n\t\t<\/section>\n\t\t\t\t<section class=\"elementor-section elementor-top-section elementor-element elementor-element-a958517 elementor-section-full_width elementor-section-height-default elementor-section-height-default\" data-id=\"a958517\" data-element_type=\"section\" data-e-type=\"section\">\n\t\t\t\t\t\t<div class=\"elementor-container elementor-column-gap-default\">\n\t\t\t\t\t<div class=\"elementor-column elementor-col-50 elementor-top-column elementor-element elementor-element-cb45848\" data-id=\"cb45848\" data-element_type=\"column\" data-e-type=\"column\">\n\t\t\t<div class=\"elementor-widget-wrap elementor-element-populated\">\n\t\t\t\t\t<div class=\"elementor-background-overlay\"><\/div>\n\t\t\t\t\t\t<div class=\"elementor-element elementor-element-b4acc3a elementor-cta--skin-cover elementor-animated-content elementor-bg-transform elementor-bg-transform-zoom-in elementor-widget elementor-widget-call-to-action\" data-id=\"b4acc3a\" data-element_type=\"widget\" data-e-type=\"widget\" data-widget_type=\"call-to-action.default\">\n\t\t\t\t<div class=\"elementor-widget-container\">\n\t\t\t\t\t\t\t<a class=\"elementor-cta\" href=\"https:\/\/omninvest.ch\/de\/verkauf\/residenza-alle-campagne\/\">\n\t\t\t\t\t<div class=\"elementor-cta__bg-wrapper\">\n\t\t\t\t<div class=\"elementor-cta__bg elementor-bg\" style=\"background-image: url(https:\/\/omninvest.ch\/wp-content\/uploads\/sites\/116\/2024\/05\/VISTA-2-1536x1536.jpg);\" role=\"img\" aria-label=\"Residenza Alle Campagne\"><\/div>\n\t\t\t\t<div class=\"elementor-cta__bg-overlay\"><\/div>\n\t\t\t<\/div>\n\t\t\t\t\t\t\t<div class=\"elementor-cta__content\">\n\t\t\t\t\n\t\t\t\t\t\t\t\t\t<h3 class=\"elementor-cta__title elementor-cta__content-item elementor-content-item elementor-animated-item--move-up\">\n\t\t\t\t\t\tRESIDENZA <b>ALLE CAMPAGNE<\/b>\t\t\t\t\t<\/h3>\n\t\t\t\t\n\t\t\t\t\t\t\t\t\t<span class=\"elementor-cta__description elementor-cta__content-item elementor-content-item elementor-animated-item--move-up\">\n\t\t\t\t\t\tGORDOLA\t\t\t\t\t<\/span>\n\t\t\t\t\n\t\t\t\t\t\t\t<\/div>\n\t\t\t\t\t\t<\/a>\n\t\t\t\t\t\t<\/div>\n\t\t\t\t<\/div>\n\t\t\t\t\t<\/div>\n\t\t<\/div>\n\t\t\t\t<div class=\"elementor-column elementor-col-50 elementor-top-column elementor-element elementor-element-56198ef\" data-id=\"56198ef\" data-element_type=\"column\" data-e-type=\"column\">\n\t\t\t<div class=\"elementor-widget-wrap elementor-element-populated\">\n\t\t\t\t\t<div class=\"elementor-background-overlay\"><\/div>\n\t\t\t\t\t\t<div class=\"elementor-element elementor-element-3fa1cff elementor-cta--skin-cover elementor-animated-content elementor-bg-transform elementor-bg-transform-zoom-in elementor-widget elementor-widget-call-to-action\" data-id=\"3fa1cff\" data-element_type=\"widget\" data-e-type=\"widget\" data-widget_type=\"call-to-action.default\">\n\t\t\t\t<div class=\"elementor-widget-container\">\n\t\t\t\t\t\t\t<a class=\"elementor-cta\" href=\"https:\/\/omninvest.ch\/de\/verkauf\/residenza-piazza-fontana\/\">\n\t\t\t\t\t<div class=\"elementor-cta__bg-wrapper\">\n\t\t\t\t<div class=\"elementor-cta__bg elementor-bg\" style=\"background-image: url(https:\/\/omninvest.ch\/wp-content\/uploads\/sites\/116\/2024\/07\/VISTA-2-1536x1152.jpg);\" role=\"img\" aria-label=\"Residenz Piazza Fontana\"><\/div>\n\t\t\t\t<div class=\"elementor-cta__bg-overlay\"><\/div>\n\t\t\t<\/div>\n\t\t\t\t\t\t\t<div class=\"elementor-cta__content\">\n\t\t\t\t\n\t\t\t\t\t\t\t\t\t<h3 class=\"elementor-cta__title elementor-cta__content-item elementor-content-item elementor-animated-item--move-up\">\n\t\t\t\t\t\t<b>RESIDENZA PIAZZA FONTANA<\/b>\t\t\t\t\t<\/h3>\n\t\t\t\t\n\t\t\t\t\t\t\t\t\t<div class=\"elementor-cta__description elementor-cta__content-item elementor-content-item elementor-animated-item--move-up\">\n\t\t\t\t\t\tLOCARNO\n\t\t\t\t\t<\/div>\n\t\t\t\t\n\t\t\t\t\t\t\t<\/div>\n\t\t\t\t\t\t<\/a>\n\t\t\t\t\t\t<\/div>\n\t\t\t\t<\/div>\n\t\t\t\t\t<\/div>\n\t\t<\/div>\n\t\t\t\t\t<\/div>\n\t\t<\/section>\n\t\t\t\t<section class=\"elementor-section elementor-top-section elementor-element elementor-element-220c0e21 elementor-section-full_width elementor-section-height-default elementor-section-height-default\" data-id=\"220c0e21\" data-element_type=\"section\" data-e-type=\"section\" data-settings=\"{&quot;background_background&quot;:&quot;classic&quot;}\">\n\t\t\t\t\t\t<div class=\"elementor-container elementor-column-gap-default\">\n\t\t\t\t\t<div class=\"elementor-column elementor-col-50 elementor-top-column elementor-element elementor-element-782f2c71\" data-id=\"782f2c71\" data-element_type=\"column\" data-e-type=\"column\">\n\t\t\t<div class=\"elementor-widget-wrap elementor-element-populated\">\n\t\t\t\t\t\t<div class=\"elementor-element elementor-element-ad549ef elementor-widget elementor-widget-image\" data-id=\"ad549ef\" data-element_type=\"widget\" data-e-type=\"widget\" data-widget_type=\"image.default\">\n\t\t\t\t<div class=\"elementor-widget-container\">\n\t\t\t\t\t\t\t\t\t\t\t\t\t\t\t<img decoding=\"async\" width=\"738\" height=\"594\" src=\"https:\/\/omninvest.ch\/wp-content\/uploads\/sites\/116\/2023\/03\/home_left.png\" class=\"attachment-large size-large wp-image-5380\" alt=\"\" srcset=\"https:\/\/omninvest.ch\/wp-content\/uploads\/sites\/116\/2023\/03\/home_left.png 738w, https:\/\/omninvest.ch\/wp-content\/uploads\/sites\/116\/2023\/03\/home_left-300x241.png 300w, https:\/\/omninvest.ch\/wp-content\/uploads\/sites\/116\/2023\/03\/home_left-480x386.png 480w\" sizes=\"(max-width: 738px) 100vw, 738px\" \/>\t\t\t\t\t\t\t\t\t\t\t\t\t\t\t<\/div>\n\t\t\t\t<\/div>\n\t\t\t\t\t<\/div>\n\t\t<\/div>\n\t\t\t\t<div class=\"elementor-column elementor-col-50 elementor-top-column elementor-element elementor-element-3411d73\" data-id=\"3411d73\" data-element_type=\"column\" data-e-type=\"column\">\n\t\t\t<div class=\"elementor-widget-wrap elementor-element-populated\">\n\t\t\t\t\t\t<div class=\"elementor-element elementor-element-1d82c30 elementor-widget elementor-widget-text-editor\" data-id=\"1d82c30\" data-element_type=\"widget\" data-e-type=\"widget\" data-widget_type=\"text-editor.default\">\n\t\t\t\t<div class=\"elementor-widget-container\">\n\t\t\t\t\t\t\t\t\t<p class=\"\" style=\"text-align: center\"><span class=\"\"><strong>OMNINVEST<\/strong><\/span><\/p><p class=\"\" style=\"text-align: center\"><strong>Dove il sogno diventa casa.<\/strong><\/p><p class=\"\" style=\"text-align: center\">Wir realisieren individuell gestaltbare Luxusimmobilienprojekte in der Region Locarno. Unsere Immobilien zeichnen sich durch Qualit\u00e4t und Liebe zum Detail aus <\/p>\t\t\t\t\t\t\t\t<\/div>\n\t\t\t\t<\/div>\n\t\t\t\t<div class=\"elementor-element elementor-element-a790ae6 elementor-align-center elementor-widget elementor-widget-button\" data-id=\"a790ae6\" data-element_type=\"widget\" data-e-type=\"widget\" data-widget_type=\"button.default\">\n\t\t\t\t<div class=\"elementor-widget-container\">\n\t\t\t\t\t\t\t\t\t<div class=\"elementor-button-wrapper\">\n\t\t\t\t\t<a class=\"elementor-button elementor-button-link elementor-size-xl\" href=\"https:\/\/omninvest.ch\/de\/kontakt\/\">\n\t\t\t\t\t\t<span class=\"elementor-button-content-wrapper\">\n\t\t\t\t\t\t\t\t\t<span class=\"elementor-button-text\">KONTAKTIEREN SIE UNS<\/span>\n\t\t\t\t\t<\/span>\n\t\t\t\t\t<\/a>\n\t\t\t\t<\/div>\n\t\t\t\t\t\t\t\t<\/div>\n\t\t\t\t<\/div>\n\t\t\t\t\t<\/div>\n\t\t<\/div>\n\t\t\t\t\t<\/div>\n\t\t<\/section>\n\t\t\t\t<section class=\"elementor-section elementor-top-section elementor-element elementor-element-6817d447 elementor-section-full_width elementor-section-height-default elementor-section-height-default\" data-id=\"6817d447\" data-element_type=\"section\" data-e-type=\"section\">\n\t\t\t\t\t\t<div class=\"elementor-container elementor-column-gap-default\">\n\t\t\t\t\t<div class=\"elementor-column elementor-col-100 elementor-top-column elementor-element elementor-element-3de6527b elementor-invisible\" data-id=\"3de6527b\" data-element_type=\"column\" data-e-type=\"column\" data-settings=\"{&quot;background_background&quot;:&quot;classic&quot;,&quot;animation&quot;:&quot;fadeInLeft&quot;}\">\n\t\t\t<div class=\"elementor-widget-wrap elementor-element-populated\">\n\t\t\t\t\t\t<div class=\"elementor-element elementor-element-397f0053 elementor-widget elementor-widget-heading\" data-id=\"397f0053\" data-element_type=\"widget\" data-e-type=\"widget\" data-widget_type=\"heading.default\">\n\t\t\t\t<div class=\"elementor-widget-container\">\n\t\t\t\t\t<h6 class=\"elementor-heading-title elementor-size-default\">Gr\u00fcnde, uns zu w\u00e4hlen<\/h6>\t\t\t\t<\/div>\n\t\t\t\t<\/div>\n\t\t\t\t<div class=\"elementor-element elementor-element-366c3d49 elementor-widget elementor-widget-heading\" data-id=\"366c3d49\" data-element_type=\"widget\" data-e-type=\"widget\" data-widget_type=\"heading.default\">\n\t\t\t\t<div class=\"elementor-widget-container\">\n\t\t\t\t\t<h2 class=\"elementor-heading-title elementor-size-default\">Wir begleiten Sie nach Hause.<\/h2>\t\t\t\t<\/div>\n\t\t\t\t<\/div>\n\t\t\t\t<div class=\"elementor-element elementor-element-75b9cb60 elementor-widget elementor-widget-text-editor\" data-id=\"75b9cb60\" data-element_type=\"widget\" data-e-type=\"widget\" data-widget_type=\"text-editor.default\">\n\t\t\t\t<div class=\"elementor-widget-container\">\n\t\t\t\t\t\t\t\t\t<p>Der Kauf einer Immobilie kann wie ein sehr anspruchsvoller Prozess erscheinen. Unsere Aufgabe ist es, eine vereinfachte Schnittstelle zwischen dem Kunden und den technischen Aspekten von Architekten, Ingenieuren und Handwerkern zu schaffen. Mit uns war es noch nie so einfach, Ihr Traumhaus zu bauen! Unsere Mitarbeiter begleiten Sie bei jedem Schritt, vom ersten Besuch bis zur schl\u00fcsselfertigen \u00dcbergabe Ihres neuen Heims. Nachfolgend finden Sie Einzelheiten zum Ablauf.    <\/p>\t\t\t\t\t\t\t\t<\/div>\n\t\t\t\t<\/div>\n\t\t\t\t<div class=\"elementor-element elementor-element-47a17ce elementor-position-left elementor-vertical-align-middle elementor-widget elementor-widget-image-box\" data-id=\"47a17ce\" data-element_type=\"widget\" data-e-type=\"widget\" data-widget_type=\"image-box.default\">\n\t\t\t\t<div class=\"elementor-widget-container\">\n\t\t\t\t\t<div class=\"elementor-image-box-wrapper\"><figure class=\"elementor-image-box-img\"><img decoding=\"async\" width=\"100\" height=\"100\" src=\"https:\/\/omninvest.ch\/wp-content\/uploads\/sites\/116\/2023\/01\/icone_omninvest_visita.jpg\" class=\"attachment-full size-full wp-image-5381\" alt=\"\" \/><\/figure><div class=\"elementor-image-box-content\"><span class=\"elementor-image-box-title\">Fragen Sie nach einem Treffen f\u00fcr eine Besichtigung. Wir zeigen Ihnen eine Musterwohnung und die Residenz\/den Bauort Ihres Interessens.<\/span><\/div><\/div>\t\t\t\t<\/div>\n\t\t\t\t<\/div>\n\t\t\t\t<div class=\"elementor-element elementor-element-6a4a886 elementor-position-left elementor-vertical-align-middle elementor-widget elementor-widget-image-box\" data-id=\"6a4a886\" data-element_type=\"widget\" data-e-type=\"widget\" data-widget_type=\"image-box.default\">\n\t\t\t\t<div class=\"elementor-widget-container\">\n\t\t\t\t\t<div class=\"elementor-image-box-wrapper\"><figure class=\"elementor-image-box-img\"><img loading=\"lazy\" decoding=\"async\" width=\"100\" height=\"100\" src=\"https:\/\/omninvest.ch\/wp-content\/uploads\/sites\/116\/2023\/01\/icone_omninvest_riservazione.jpg\" class=\"attachment-full size-full wp-image-5382\" alt=\"\" \/><\/figure><div class=\"elementor-image-box-content\"><span class=\"elementor-image-box-title\">Wenn Sie sich f\u00fcr ein Objekt interessieren, k\u00f6nnen Sie es \u00fcber unsere Mitarbeiter reservieren. Uns reicht Ihre Unterschrift auf der Reservierungsvereinbarung sowie eine Anzahlung von CHF 20\u2019000 auf dem Drittkonto unseres Notars. Falls Sie sich aus irgendeinem Grund zur\u00fcckziehen m\u00f6chten, retourniert Ihnen der Notar die bezahlte Summe.<\/span><\/div><\/div>\t\t\t\t<\/div>\n\t\t\t\t<\/div>\n\t\t\t\t<div class=\"elementor-element elementor-element-fe321da elementor-position-left elementor-vertical-align-middle elementor-widget elementor-widget-image-box\" data-id=\"fe321da\" data-element_type=\"widget\" data-e-type=\"widget\" data-widget_type=\"image-box.default\">\n\t\t\t\t<div class=\"elementor-widget-container\">\n\t\t\t\t\t<div class=\"elementor-image-box-wrapper\"><figure class=\"elementor-image-box-img\"><img loading=\"lazy\" decoding=\"async\" width=\"100\" height=\"100\" src=\"https:\/\/omninvest.ch\/wp-content\/uploads\/sites\/116\/2023\/01\/icone_omninvest_rogito.jpg\" class=\"attachment-full size-full wp-image-5383\" alt=\"\" \/><\/figure><div class=\"elementor-image-box-content\"><span class=\"elementor-image-box-title\">Sobald die wichtigen Punkte feststehen, wird ein Kaufentwurf vorbereitet, dem die Unterschrift auf dem offiziellen Vertrag folgt.<\/span><\/div><\/div>\t\t\t\t<\/div>\n\t\t\t\t<\/div>\n\t\t\t\t<div class=\"elementor-element elementor-element-96c3d3c elementor-position-left elementor-vertical-align-middle elementor-widget elementor-widget-image-box\" data-id=\"96c3d3c\" data-element_type=\"widget\" data-e-type=\"widget\" data-widget_type=\"image-box.default\">\n\t\t\t\t<div class=\"elementor-widget-container\">\n\t\t\t\t\t<div class=\"elementor-image-box-wrapper\"><figure class=\"elementor-image-box-img\"><img loading=\"lazy\" decoding=\"async\" width=\"100\" height=\"100\" src=\"https:\/\/omninvest.ch\/wp-content\/uploads\/sites\/116\/2023\/01\/icone_omninvest_personalizzazione.jpg\" class=\"attachment-full size-full wp-image-5384\" alt=\"\" \/><\/figure><div class=\"elementor-image-box-content\"><span class=\"elementor-image-box-title\">Nun als frischgebackene Eigent\u00fcmer, k\u00f6nnen wir die Wohnung personalisieren. Je nach Stadium des Projekts und der Durchf\u00fchrbarkeit ist es m\u00f6glich, die Innenausstattung zu \u00e4ndern.<\/span><\/div><\/div>\t\t\t\t<\/div>\n\t\t\t\t<\/div>\n\t\t\t\t<div class=\"elementor-element elementor-element-00a3779 elementor-position-left elementor-vertical-align-middle elementor-widget elementor-widget-image-box\" data-id=\"00a3779\" data-element_type=\"widget\" data-e-type=\"widget\" data-widget_type=\"image-box.default\">\n\t\t\t\t<div class=\"elementor-widget-container\">\n\t\t\t\t\t<div class=\"elementor-image-box-wrapper\"><figure class=\"elementor-image-box-img\"><img loading=\"lazy\" decoding=\"async\" width=\"100\" height=\"100\" src=\"https:\/\/omninvest.ch\/wp-content\/uploads\/sites\/116\/2023\/01\/icone_omninvest_artigiani.jpg\" class=\"attachment-full size-full wp-image-5385\" alt=\"\" \/><\/figure><div class=\"elementor-image-box-content\"><span class=\"elementor-image-box-title\">Der n\u00e4chste Schritt besteht in der Wahl der Ausstattung. Bei den Handwerkern unseres Vertrauen w\u00e4hlen Sie B\u00f6den, Wandverkleidung, K\u00fcche und B\u00e4der. Im Baubeschrieb finden Sie das Ihnen zur Verf\u00fcgung stehende Budget der jeweiligen Residenz. Bei allf\u00e4lligen Unterschieden, wird die Differenz in Rechnung gestellt bzw. zur\u00fcck erstattet.<\/span><\/div><\/div>\t\t\t\t<\/div>\n\t\t\t\t<\/div>\n\t\t\t\t<div class=\"elementor-element elementor-element-4ceceff elementor-position-left elementor-vertical-align-middle elementor-widget elementor-widget-image-box\" data-id=\"4ceceff\" data-element_type=\"widget\" data-e-type=\"widget\" data-widget_type=\"image-box.default\">\n\t\t\t\t<div class=\"elementor-widget-container\">\n\t\t\t\t\t<div class=\"elementor-image-box-wrapper\"><figure class=\"elementor-image-box-img\"><img loading=\"lazy\" decoding=\"async\" width=\"100\" height=\"100\" src=\"https:\/\/omninvest.ch\/wp-content\/uploads\/sites\/116\/2023\/01\/icone_omninvest_contratto.jpg\" class=\"attachment-full size-full wp-image-5386\" alt=\"\" \/><\/figure><div class=\"elementor-image-box-content\"><span class=\"elementor-image-box-title\">Sobald alle Details feststehen und Sie Ihre Wahl getroffen haben, erhalten Sie eine digitale Visualisierung der Ausstattung. Die Handwerker bereiten eine Offerte vor, die vor der Ausf\u00fchrung in der Baustelle zu unterschreiben ist.<\/span><\/div><\/div>\t\t\t\t<\/div>\n\t\t\t\t<\/div>\n\t\t\t\t<div class=\"elementor-element elementor-element-da7f4da elementor-position-left elementor-vertical-align-middle elementor-widget elementor-widget-image-box\" data-id=\"da7f4da\" data-element_type=\"widget\" data-e-type=\"widget\" data-widget_type=\"image-box.default\">\n\t\t\t\t<div class=\"elementor-widget-container\">\n\t\t\t\t\t<div class=\"elementor-image-box-wrapper\"><figure class=\"elementor-image-box-img\"><img loading=\"lazy\" decoding=\"async\" width=\"100\" height=\"100\" src=\"https:\/\/omninvest.ch\/wp-content\/uploads\/sites\/116\/2023\/01\/icone_omninvest_consegna.jpg\" class=\"attachment-full size-full wp-image-5387\" alt=\"\" \/><\/figure><div class=\"elementor-image-box-content\"><span class=\"elementor-image-box-title\">Sobald das Werk vollendet ist, bleibt Ihnen nur noch das Geniessen Ihres neuen Zuhauses!<\/span><\/div><\/div>\t\t\t\t<\/div>\n\t\t\t\t<\/div>\n\t\t\t\t\t<\/div>\n\t\t<\/div>\n\t\t\t\t\t<\/div>\n\t\t<\/section>\n\t\t\t\t<section class=\"elementor-section elementor-top-section elementor-element elementor-element-23064960 elementor-section-boxed elementor-section-height-default elementor-section-height-default\" data-id=\"23064960\" data-element_type=\"section\" data-e-type=\"section\" data-settings=\"{&quot;background_background&quot;:&quot;classic&quot;}\">\n\t\t\t\t\t\t<div class=\"elementor-container elementor-column-gap-default\">\n\t\t\t\t\t<div class=\"elementor-column elementor-col-100 elementor-top-column elementor-element elementor-element-174dcad0 elementor-invisible\" data-id=\"174dcad0\" data-element_type=\"column\" data-e-type=\"column\" data-settings=\"{&quot;animation&quot;:&quot;bounceInRight&quot;}\">\n\t\t\t<div class=\"elementor-widget-wrap elementor-element-populated\">\n\t\t\t\t\t\t<div class=\"elementor-element elementor-element-6834ed9e elementor-widget elementor-widget-heading\" data-id=\"6834ed9e\" data-element_type=\"widget\" data-e-type=\"widget\" data-widget_type=\"heading.default\">\n\t\t\t\t<div class=\"elementor-widget-container\">\n\t\t\t\t\t<h2 class=\"elementor-heading-title elementor-size-default\">Luxus-Immobilienprojekte Locarno, Tessin, Schweiz<\/h2>\t\t\t\t<\/div>\n\t\t\t\t<\/div>\n\t\t\t\t<div class=\"elementor-element elementor-element-29ea4300 elementor-align-center elementor-widget elementor-widget-button\" data-id=\"29ea4300\" data-element_type=\"widget\" data-e-type=\"widget\" data-widget_type=\"button.default\">\n\t\t\t\t<div class=\"elementor-widget-container\">\n\t\t\t\t\t\t\t\t\t<div class=\"elementor-button-wrapper\">\n\t\t\t\t\t<a class=\"elementor-button elementor-button-link elementor-size-md\" href=\"https:\/\/omninvest.ch\/de\/verkauf\/\">\n\t\t\t\t\t\t<span class=\"elementor-button-content-wrapper\">\n\t\t\t\t\t\t\t\t\t<span class=\"elementor-button-text\">Unsere Projekte<\/span>\n\t\t\t\t\t<\/span>\n\t\t\t\t\t<\/a>\n\t\t\t\t<\/div>\n\t\t\t\t\t\t\t\t<\/div>\n\t\t\t\t<\/div>\n\t\t\t\t\t<\/div>\n\t\t<\/div>\n\t\t\t\t\t<\/div>\n\t\t<\/section>\n\t\t\t\t<\/div>\n\t\t","protected":false},"excerpt":{"rendered":"<p>Dove il sogno diventa casa. Mehr RESIDENZA DEI CASTAGNI BRIONE S\/MINUSIO RESIDENZA RIFLESSI DEL LAGO MINUSIO RESIDENZA ALLE CAMPAGNE GORDOLA RESIDENZA PIAZZA FONTANA LOCARNO OMNINVEST Dove il sogno diventa casa. Wir realisieren individuell gestaltbare Luxusimmobilienprojekte in der Region Locarno. Unsere Immobilien zeichnen sich durch Qualit\u00e4t und Liebe zum Detail aus KONTAKTIEREN SIE UNS Gr\u00fcnde, uns [&hellip;]<\/p>\n","protected":false},"author":45,"featured_media":0,"parent":0,"menu_order":0,"comment_status":"closed","ping_status":"closed","template":"elementor_header_footer","meta":{"_seopress_robots_primary_cat":"","_seopress_titles_title":"","_seopress_titles_desc":"","_seopress_robots_index":"","footnotes":""},"class_list":["post-1829","page","type-page","status-publish","hentry"],"_links":{"self":[{"href":"https:\/\/omninvest.ch\/de\/wp-json\/wp\/v2\/pages\/1829","targetHints":{"allow":["GET"]}}],"collection":[{"href":"https:\/\/omninvest.ch\/de\/wp-json\/wp\/v2\/pages"}],"about":[{"href":"https:\/\/omninvest.ch\/de\/wp-json\/wp\/v2\/types\/page"}],"author":[{"embeddable":true,"href":"https:\/\/omninvest.ch\/de\/wp-json\/wp\/v2\/users\/45"}],"replies":[{"embeddable":true,"href":"https:\/\/omninvest.ch\/de\/wp-json\/wp\/v2\/comments?post=1829"}],"version-history":[{"count":67,"href":"https:\/\/omninvest.ch\/de\/wp-json\/wp\/v2\/pages\/1829\/revisions"}],"predecessor-version":[{"id":5734,"href":"https:\/\/omninvest.ch\/de\/wp-json\/wp\/v2\/pages\/1829\/revisions\/5734"}],"wp:attachment":[{"href":"https:\/\/omninvest.ch\/de\/wp-json\/wp\/v2\/media?parent=1829"}],"curies":[{"name":"wp","href":"https:\/\/api.w.org\/{rel}","templated":true}]}}